{"id":104,"date":"2020-03-17T17:37:00","date_gmt":"2020-03-17T16:37:00","guid":{"rendered":"http:\/\/coachmarin.fr\/?page_id=104"},"modified":"2025-11-09T10:54:10","modified_gmt":"2025-11-09T09:54:10","slug":"documentations","status":"publish","type":"page","link":"https:\/\/coachmarin.fr\/index.php\/documentations\/","title":{"rendered":"DOCUMENTATIONS"},"content":{"rendered":"\n<ul>\n<li><strong>INFORMATIONS L\u00c9GALES <\/strong><\/li>\n\n\n\n<li>&#8230;D\u00e9nomination commerciale Coachmarin.fr<\/li>\n\n\n\n<li>&#8230;Lieu d&rsquo;activit\u00e9  Bretagne, France et \u00e9tranger. <\/li>\n\n\n\n<li>&#8230;Code Insee Activit\u00e9 principale APE 9609Z .<\/li>\n\n\n\n<li>&#8230;Siret 330 037 078 00020.<\/li>\n\n\n\n<li>&#8230;Assurance RC Professionnelle  AXA  N\u00b0 XXXXXX<\/li>\n\n\n\n<li>&#8230;Coach plaisance conventionn\u00e9 avec la FFV <\/li>\n\n\n\n<li>.. Carte professionnelle d&rsquo;\u00e9ducateur sportif valable jusqu&rsquo;en 2028<\/li>\n<\/ul>\n\n\n\n<p><\/p>\n\n\n\n<ul>\n<li><strong>QUALIFICATIONS <\/strong><\/li>\n\n\n\n<li><\/li>\n\n\n\n<li>Brevet professionnel BPJEPS Voile, mention croisi\u00e8re jusqu&rsquo;a 200 MN d&rsquo;un Abri <\/li>\n\n\n\n<li>Permis moteur c\u00f4tier A.<\/li>\n\n\n\n<li>Certificat de t\u00e9l\u00e9phoniste restreint ( CRR ) Validit\u00e9 permanente<\/li>\n\n\n\n<li>Niveau technique  Niveau 4 Habitable FFV.<\/li>\n\n\n\n<li>Formations World sailing Survie et PS Mer Valable jusqu&rsquo;en 2024.<\/li>\n\n\n\n<li>Formation au secours hauturier \u00e0 l&rsquo;ENV Octobre 2025.<\/li>\n\n\n\n<li>Pratique r\u00e8guli\u00e8re dans les zones \u00e0 fort courant de mar\u00e9e. <\/li>\n\n\n\n<li>Longue exp\u00e9rience en croisi\u00e8re c\u00f4ti\u00e8re,  Manche, Espagne et Irlande  et trois transat en <\/li>\n\n\n\n<li>Atlantique -Nord.<\/li>\n<\/ul>\n\n\n\n<ul>\n<li><strong>CONTRIBUTIONS IMAGES.<\/strong>\n<ul>\n<li>Les photos publi\u00e9es sur ce site proviennent de la rubrique Google images libre de droit.<\/li>\n<\/ul>\n<\/li>\n\n\n\n<li>Je remercie la personne qui a construit ce site et qui me permet de d\u00e9velopper mon activit\u00e9 .<\/li>\n<\/ul>\n\n\n\n<p><\/p>\n","protected":false},"excerpt":{"rendered":"","protected":false},"author":2,"featured_media":0,"parent":0,"menu_order":0,"comment_status":"closed","ping_status":"closed","template":"","meta":{"footnotes":""},"_links":{"self":[{"href":"https:\/\/coachmarin.fr\/index.php\/wp-json\/wp\/v2\/pages\/104"}],"collection":[{"href":"https:\/\/coachmarin.fr\/index.php\/wp-json\/wp\/v2\/pages"}],"about":[{"href":"https:\/\/coachmarin.fr\/index.php\/wp-json\/wp\/v2\/types\/page"}],"author":[{"embeddable":true,"href":"https:\/\/coachmarin.fr\/index.php\/wp-json\/wp\/v2\/users\/2"}],"replies":[{"embeddable":true,"href":"https:\/\/coachmarin.fr\/index.php\/wp-json\/wp\/v2\/comments?post=104"}],"version-history":[{"count":5,"href":"https:\/\/coachmarin.fr\/index.php\/wp-json\/wp\/v2\/pages\/104\/revisions"}],"predecessor-version":[{"id":216,"href":"https:\/\/coachmarin.fr\/index.php\/wp-json\/wp\/v2\/pages\/104\/revisions\/216"}],"wp:attachment":[{"href":"https:\/\/coachmarin.fr\/index.php\/wp-json\/wp\/v2\/media?parent=104"}],"curies":[{"name":"wp","href":"https:\/\/api.w.org\/{rel}","templated":true}]}}