{"id":151,"date":"2023-01-28T15:48:23","date_gmt":"2023-01-28T14:48:23","guid":{"rendered":"https:\/\/coachmarin.fr\/?page_id=151"},"modified":"2025-11-09T10:44:23","modified_gmt":"2025-11-09T09:44:23","slug":"151-2","status":"publish","type":"page","link":"https:\/\/coachmarin.fr\/index.php\/151-2\/","title":{"rendered":"Accompagnement et conf\u00e9rence  2025"},"content":{"rendered":"\n<p>Programme en cours d&rsquo;\u00e9laboration <\/p>\n\n\n\n<div class=\"wp-block-file\"><a id=\"wp-block-file--media-07f17a01-1b81-4271-9323-164a7a4462fb\" href=\"http:\/\/coachmarin.fr\/wp-content\/uploads\/2023\/01\/Programme-2023-premiere-page1-2.odt\">Programme 2023 premi\u00e8re page1<\/a><a href=\"http:\/\/coachmarin.fr\/wp-content\/uploads\/2023\/01\/Programme-2023-premiere-page1-2.odt\" class=\"wp-block-file__button wp-element-button\" download aria-describedby=\"wp-block-file--media-07f17a01-1b81-4271-9323-164a7a4462fb\">T\u00e9l\u00e9charger<\/a><\/div>\n\n\n\n<p><strong>COACH MARIN&nbsp;.fr<\/strong> <\/p>\n\n\n\n<p><strong>Programme de Navigation 2026<\/strong><\/p>\n\n\n\n<p>Accompagnement sur votre voilier sur demande, initiation et\/ou perfectionnement \u00e0 la manoeuvre , \u00e0 la navigation, pr\u00e9paration des \u00e9clusages, manoeuvre inhabituelle, navigation de nuit , dans la brise ou vers des espaces hors des sentiers battus. <\/p>\n\n\n\n<p><strong>Conf\u00e9rence \u00a0\u00bb Initiation \u00e0 la m\u00e9t\u00e9o \u00a0\u00bb <\/strong><\/p>\n\n\n\n<p><strong><em>La m\u00e9t\u00e9o et les pr\u00e8visions vous int\u00e9ressent , vous souhaitez partir du bon pied . allons faire les premiers pas ensemble.<\/em><\/strong><\/p>\n\n\n\n<p>Conf\u00e9rence premier niveau <\/p>\n\n\n\n<p><\/p>\n\n\n\n<p>JANVIER 2026 \u00e0  Saint-Malo  D\u00e9tails disponibles courant D\u00e9cembre 2025<\/p>\n\n\n\n<p><\/p>\n\n\n\n<p><\/p>\n\n\n\n<p>Prochaines conf\u00e9rences : Programmation en cours. <\/p>\n\n\n\n<p><\/p>\n\n\n\n<p><\/p>\n\n\n\n<p><\/p>\n\n\n\n<p><strong><em>Programme d\u00e9taill\u00e9 disponible en Janvier 202<\/em>6<\/strong><\/p>\n\n\n\n<p><\/p>\n\n\n\n<p><\/p>\n\n\n\n<p><\/p>\n\n\n\n<p><\/p>\n\n\n\n<p><\/p>\n\n\n\n<p><\/p>\n\n\n\n<p><\/p>\n\n\n\n<p><\/p>\n\n\n\n<p><strong>*******<\/strong><\/p>\n\n\n\n<p><\/p>\n\n\n\n<p><\/p>\n\n\n\n<p><\/p>\n\n\n\n<p><\/p>\n","protected":false},"excerpt":{"rendered":"<p>Programme en cours d&rsquo;\u00e9laboration COACH MARIN&nbsp;.fr Programme de Navigation 2026 Accompagnement sur votre voilier sur demande, initiation et\/ou perfectionnement \u00e0 la manoeuvre , \u00e0 la navigation, pr\u00e9paration des \u00e9clusages, manoeuvre inhabituelle, navigation de nuit , dans la brise ou vers des espaces hors des sentiers battus. Conf\u00e9rence \u00a0\u00bb Initiation \u00e0 la m\u00e9t\u00e9o \u00a0\u00bb La m\u00e9t\u00e9o&hellip; <br \/> <a class=\"read-more\" href=\"https:\/\/coachmarin.fr\/index.php\/151-2\/\">Lire la suite<\/a><\/p>\n","protected":false},"author":2,"featured_media":0,"parent":0,"menu_order":0,"comment_status":"closed","ping_status":"closed","template":"","meta":{"footnotes":""},"_links":{"self":[{"href":"https:\/\/coachmarin.fr\/index.php\/wp-json\/wp\/v2\/pages\/151"}],"collection":[{"href":"https:\/\/coachmarin.fr\/index.php\/wp-json\/wp\/v2\/pages"}],"about":[{"href":"https:\/\/coachmarin.fr\/index.php\/wp-json\/wp\/v2\/types\/page"}],"author":[{"embeddable":true,"href":"https:\/\/coachmarin.fr\/index.php\/wp-json\/wp\/v2\/users\/2"}],"replies":[{"embeddable":true,"href":"https:\/\/coachmarin.fr\/index.php\/wp-json\/wp\/v2\/comments?post=151"}],"version-history":[{"count":10,"href":"https:\/\/coachmarin.fr\/index.php\/wp-json\/wp\/v2\/pages\/151\/revisions"}],"predecessor-version":[{"id":209,"href":"https:\/\/coachmarin.fr\/index.php\/wp-json\/wp\/v2\/pages\/151\/revisions\/209"}],"wp:attachment":[{"href":"https:\/\/coachmarin.fr\/index.php\/wp-json\/wp\/v2\/media?parent=151"}],"curies":[{"name":"wp","href":"https:\/\/api.w.org\/{rel}","templated":true}]}}