{"id":20,"date":"2020-03-01T20:23:17","date_gmt":"2020-03-01T19:23:17","guid":{"rendered":"http:\/\/coachmarin.fr\/?page_id=20"},"modified":"2022-11-26T14:36:24","modified_gmt":"2022-11-26T13:36:24","slug":"prestations-proposees","status":"publish","type":"page","link":"https:\/\/coachmarin.fr\/index.php\/prestations-proposees\/","title":{"rendered":"Prestations propos\u00e9es"},"content":{"rendered":"\n<h2 class=\"wp-block-heading\">Le Coach marin accompagne le skipper pour faciliter ses projets nautiques<\/h2>\n\n\n\n<ul>\n<li><strong>Nouveau bateau<\/strong>&nbsp;: R\u00e9ception , inventaire, mise en service, rep\u00e9rages, essais et mise en mains.<\/li>\n\n\n\n<li><strong>Visiter les c\u00f4tes<\/strong> au plus pr\u00e8s  en empruntant les passages \u00e0 terre comme \u00e0 Saint-Malo ou Br\u00e9hat, Traverser les Minquiers, etc.<\/li>\n\n\n\n<li><strong>\u00c9largir son bassin de croisi\u00e8re<\/strong> en passant le raz de Sein ou en traversant la Manche.<\/li>\n\n\n\n<li><strong>Sortir en famille ou avec un \u00e9quipage novice.<\/strong><\/li>\n\n\n\n<li><strong>Sorties \u00e0 th\u00e8me<\/strong>:  d\u00e9couvrir la navigation de nuit, man\u0153uvrer dans la brise, sous Spi, etc. <\/li>\n<\/ul>\n\n\n\n<p>Naviguer avec un coach marin permet d\u2019aller \u00e0 l\u2019essentiel avec plaisir et en toute tranquillit\u00e9. <\/p>\n\n\n\n<p>Nota Bene : La nature de l\u2019accompagnement et sa dur\u00e9e sont \u00e0 d\u00e9finir au cours d\u2019un \u00e9change verbal ou par email . <br>Une fois la prestation bien d\u00e9finis, celle \u2013ci est formalis\u00e9e par \u00e9crit et un devis est propos\u00e9.<\/p>\n","protected":false},"excerpt":{"rendered":"<p>Le Coach marin accompagne le skipper pour faciliter ses projets nautiques Naviguer avec un coach marin permet d\u2019aller \u00e0 l\u2019essentiel avec plaisir et en toute tranquillit\u00e9. Nota Bene : La nature de l\u2019accompagnement et sa dur\u00e9e sont \u00e0 d\u00e9finir au cours d\u2019un \u00e9change verbal ou par email . Une fois la prestation bien d\u00e9finis, celle&hellip; <br \/> <a class=\"read-more\" href=\"https:\/\/coachmarin.fr\/index.php\/prestations-proposees\/\">Lire la suite<\/a><\/p>\n","protected":false},"author":1,"featured_media":0,"parent":0,"menu_order":0,"comment_status":"closed","ping_status":"closed","template":"","meta":{"footnotes":""},"_links":{"self":[{"href":"https:\/\/coachmarin.fr\/index.php\/wp-json\/wp\/v2\/pages\/20"}],"collection":[{"href":"https:\/\/coachmarin.fr\/index.php\/wp-json\/wp\/v2\/pages"}],"about":[{"href":"https:\/\/coachmarin.fr\/index.php\/wp-json\/wp\/v2\/types\/page"}],"author":[{"embeddable":true,"href":"https:\/\/coachmarin.fr\/index.php\/wp-json\/wp\/v2\/users\/1"}],"replies":[{"embeddable":true,"href":"https:\/\/coachmarin.fr\/index.php\/wp-json\/wp\/v2\/comments?post=20"}],"version-history":[{"count":5,"href":"https:\/\/coachmarin.fr\/index.php\/wp-json\/wp\/v2\/pages\/20\/revisions"}],"predecessor-version":[{"id":142,"href":"https:\/\/coachmarin.fr\/index.php\/wp-json\/wp\/v2\/pages\/20\/revisions\/142"}],"wp:attachment":[{"href":"https:\/\/coachmarin.fr\/index.php\/wp-json\/wp\/v2\/media?parent=20"}],"curies":[{"name":"wp","href":"https:\/\/api.w.org\/{rel}","templated":true}]}}