{"id":24,"date":"2020-03-01T21:03:12","date_gmt":"2020-03-01T20:03:12","guid":{"rendered":"http:\/\/coachmarin.fr\/?page_id=24"},"modified":"2025-11-09T10:49:02","modified_gmt":"2025-11-09T09:49:02","slug":"tarifs","status":"publish","type":"page","link":"https:\/\/coachmarin.fr\/index.php\/tarifs\/","title":{"rendered":"Tarifs"},"content":{"rendered":"\n<h2 class=\"wp-block-heading\">Tarif 2026<\/h2>\n\n\n\n<p>Prix net, pas de tva sur ces prestations.<\/p>\n\n\n\n<style type=\"text\/css\">\n.tg  {border-collapse:collapse;border-spacing:0;border-color:#ccc;}\n.tg td{font-family:Arial, sans-serif;font-size:14px;padding:16px 20px !important;border-style:solid;border-width:1px;overflow:hidden;word-break:normal;border-color:#ccc;color:#333;background-color:#fff;}\n.tg th{font-family:Arial, sans-serif;font-size:14px;font-weight:normal;padding:16px 20px !important;border-style:solid;border-width:1px;overflow:hidden;word-break:normal;border-color:#ccc;color:#333;background-color:#f0f0f0;}\n.tg .tg-cly1{text-align:left;vertical-align:middle}\n.tg .tg-nkdd{background-color:#e9e9e9;text-align:center;vertical-align:middle}\n.tg .tg-yla0{font-weight:bold;text-align:left;vertical-align:middle}\n.tg .tg-ylb0{font-weight:bold;text-align:center;vertical-align:middle}\n.tg .tg-nrix{text-align:center;vertical-align:middle}\n@media screen and (max-width: 767px) {.tg {width: auto !important;}.tg col {width: auto !important;}.tg-wrap {overflow-x: auto;-webkit-overflow-scrolling: touch;}}<\/style>\n\n<div class=\"tg-wrap\">\n<table class=\"tg\">\n  <tbody>\n    <tr>\n      <th class=\"tg-yla0\">Lieu d&rsquo;Embarquement<\/th>\n      <th class=\"tg-ylb0\" colspan=\"2\">Dur\u00e9e de l&rsquo;accompagnement<br><\/th>\n    <\/tr>\n    <tr>\n      <td class=\"tg-cly1\"><\/td>\n      <td class=\"tg-cly1\">Demi-journ\u00e9e (3 heures)<\/td>\n      <td class=\"tg-cly1\">Journ\u00e9e (7 heures)<\/td>\n    <\/tr>\n    <tr>\n      <td class=\"tg-cly1\">Saint-Malo, Dinard, La Rance, Cancale<\/td>\n      <td class=\"tg-nrix\"> 90 Euros<\/td>\n      <td class=\"tg-nrix\"> 180 Euros<\/td>\n    <\/tr>\n    <tr>\n      <td class=\"tg-cly1\">Au d\u00e9part de Saint-Cast,<br><\/td>\n      <td class=\"tg-nrix\"> <\/td>\n      <td class=\"tg-nrix\"> 220 Euros  <\/td>\n    <\/tr>\n    <tr>\n      <td class=\"tg-cly1\">Nota : Le prix est le m\u00eame que vous soyez seul, \u00e0 deux ou \u00e0 plusieurs. \nLa mise \u00e0 disposition d&rsquo;un bateau n&rsquo;est pas comprise dans ce montant. Possibilit\u00e8 de naviguer sur votre bateau, un bateau de location ou sur mon voilier Triskel Figaro 2.Autres ports d&#8217;embarquement , tout littoral Manche ou Atlantique. <br>Sur devis, me consulter avec la fiche contact. &gt;<\/td>\n      <td class=\"tg-nkdd\"><\/td>\n      <td class=\"tg-nrix\"><\/td>\n    <\/tr>\n  <\/tbody>\n<\/table>\n<\/div> Vous souhaitez naviguer sur un volier fiable et sportif; \nPossibilit\u00e8 de louer mon Figaro avec skipper. Devis sur demande.\n\n\n\n<p> Horaire \u00e0 pr\u00e9ciser selon la mar\u00e9e.<\/p>\n","protected":false},"excerpt":{"rendered":"<p>Tarif 2026 Prix net, pas de tva sur ces prestations. Lieu d&rsquo;Embarquement Dur\u00e9e de l&rsquo;accompagnement Demi-journ\u00e9e (3 heures) Journ\u00e9e (7 heures) Saint-Malo, Dinard, La Rance, Cancale 90 Euros 180 Euros Au d\u00e9part de Saint-Cast, 220 Euros Nota : Le prix est le m\u00eame que vous soyez seul, \u00e0 deux ou \u00e0 plusieurs. La mise \u00e0&hellip; <br \/> <a class=\"read-more\" href=\"https:\/\/coachmarin.fr\/index.php\/tarifs\/\">Lire la suite<\/a><\/p>\n","protected":false},"author":1,"featured_media":0,"parent":0,"menu_order":0,"comment_status":"closed","ping_status":"closed","template":"","meta":{"footnotes":""},"_links":{"self":[{"href":"https:\/\/coachmarin.fr\/index.php\/wp-json\/wp\/v2\/pages\/24"}],"collection":[{"href":"https:\/\/coachmarin.fr\/index.php\/wp-json\/wp\/v2\/pages"}],"about":[{"href":"https:\/\/coachmarin.fr\/index.php\/wp-json\/wp\/v2\/types\/page"}],"author":[{"embeddable":true,"href":"https:\/\/coachmarin.fr\/index.php\/wp-json\/wp\/v2\/users\/1"}],"replies":[{"embeddable":true,"href":"https:\/\/coachmarin.fr\/index.php\/wp-json\/wp\/v2\/comments?post=24"}],"version-history":[{"count":29,"href":"https:\/\/coachmarin.fr\/index.php\/wp-json\/wp\/v2\/pages\/24\/revisions"}],"predecessor-version":[{"id":212,"href":"https:\/\/coachmarin.fr\/index.php\/wp-json\/wp\/v2\/pages\/24\/revisions\/212"}],"wp:attachment":[{"href":"https:\/\/coachmarin.fr\/index.php\/wp-json\/wp\/v2\/media?parent=24"}],"curies":[{"name":"wp","href":"https:\/\/api.w.org\/{rel}","templated":true}]}}