{"id":36,"date":"2020-03-02T23:24:16","date_gmt":"2020-03-02T22:24:16","guid":{"rendered":"http:\/\/coachmarin.fr\/?page_id=36"},"modified":"2025-11-09T11:02:45","modified_gmt":"2025-11-09T10:02:45","slug":"references","status":"publish","type":"page","link":"https:\/\/coachmarin.fr\/index.php\/references\/","title":{"rendered":"R\u00e9f\u00e9rences"},"content":{"rendered":"\n<p>Fran\u00e7ois Gauchet, un navigateur malouin exp\u00e9riment\u00e9.<\/p>\n\n\n\n<p>Premi\u00e8res navigation en <strong>1981<\/strong> en d\u00e9riveur en baie de Saint-Malo. <\/p>\n\n\n\n<p>Premi\u00e8res croisi\u00e8res en Manche \u00e0 bord de voiliers de 6.5 m \u00e0 14 m\u00e8tres.  Mini 6.5, Ecume de mer, Sauvignon , First 30, First 35, Brise de mer31, JPK 9.6 , Pogo 8.5.<\/p>\n\n\n\n<p><strong>Depuis 1982<\/strong>, Navigation en Bretagne, vers les Iles Anglo-Normandes, La Cornouaille anglaise, Les Scilly, l\u2019Irlande. L\u2019Espagne, Mad\u00e8re.<\/p>\n\n\n\n<p><strong>En 1984<\/strong>, premi\u00e8re transat entre Saint-Malo et Fort de France via T\u00e9n\u00e9riffe.<\/p>\n\n\n\n<p>P\u00e9riple de 6 mois entre la Guadeloupe et Trinidad et retour par les A\u00e7ores.<\/p>\n\n\n\n<p><strong>2007 &#8211; 2015<\/strong> Navigation sur Pogo 8.5 en Manche, Atlantique, Travers\u00e9e Saint-Nazaire &#8211; Mad\u00e8re en double .<\/p>\n\n\n\n<p><strong>2013<\/strong> Course au large Pornic-Baiona-Pornic  sur Pogo 8.5.<\/p>\n\n\n\n<p><strong>2014\/2015<\/strong> Transquadra en double :  Saint-Nazaire- Mad\u00e8re-Martinique sur jpk 9.6.<\/p>\n\n\n\n<p><strong>2016-2024<\/strong> Navigation en Manche en croisi\u00e8re c\u00f4ti\u00e8re.<\/p>\n\n\n\n<p><strong>2025 <\/strong> Navigation en Manche sur Le Figaro  2 Triskel <\/p>\n","protected":false},"excerpt":{"rendered":"<p>Fran\u00e7ois Gauchet, un navigateur malouin exp\u00e9riment\u00e9. Premi\u00e8res navigation en 1981 en d\u00e9riveur en baie de Saint-Malo. Premi\u00e8res croisi\u00e8res en Manche \u00e0 bord de voiliers de 6.5 m \u00e0 14 m\u00e8tres. Mini 6.5, Ecume de mer, Sauvignon , First 30, First 35, Brise de mer31, JPK 9.6 , Pogo 8.5. Depuis 1982, Navigation en Bretagne, vers&hellip; <br \/> <a class=\"read-more\" href=\"https:\/\/coachmarin.fr\/index.php\/references\/\">Lire la suite<\/a><\/p>\n","protected":false},"author":1,"featured_media":0,"parent":0,"menu_order":0,"comment_status":"closed","ping_status":"closed","template":"","meta":{"footnotes":""},"_links":{"self":[{"href":"https:\/\/coachmarin.fr\/index.php\/wp-json\/wp\/v2\/pages\/36"}],"collection":[{"href":"https:\/\/coachmarin.fr\/index.php\/wp-json\/wp\/v2\/pages"}],"about":[{"href":"https:\/\/coachmarin.fr\/index.php\/wp-json\/wp\/v2\/types\/page"}],"author":[{"embeddable":true,"href":"https:\/\/coachmarin.fr\/index.php\/wp-json\/wp\/v2\/users\/1"}],"replies":[{"embeddable":true,"href":"https:\/\/coachmarin.fr\/index.php\/wp-json\/wp\/v2\/comments?post=36"}],"version-history":[{"count":7,"href":"https:\/\/coachmarin.fr\/index.php\/wp-json\/wp\/v2\/pages\/36\/revisions"}],"predecessor-version":[{"id":223,"href":"https:\/\/coachmarin.fr\/index.php\/wp-json\/wp\/v2\/pages\/36\/revisions\/223"}],"wp:attachment":[{"href":"https:\/\/coachmarin.fr\/index.php\/wp-json\/wp\/v2\/media?parent=36"}],"curies":[{"name":"wp","href":"https:\/\/api.w.org\/{rel}","templated":true}]}}